{"id":6285,"date":"2018-03-23T10:48:28","date_gmt":"2018-03-23T09:48:28","guid":{"rendered":"https:\/\/www.flexibook.es\/?page_id=6285"},"modified":"2025-08-25T10:40:07","modified_gmt":"2025-08-25T08:40:07","slug":"recursos-empresa","status":"publish","type":"page","link":"https:\/\/www.flexibook.es\/?page_id=6285","title":{"rendered":"RECURSOS EMPRESA (Clic@ en las unidades)"},"content":{"rendered":"<p>[et_pb_section fb_built=\u00bb1&#8243; admin_label=\u00bbsection\u00bb _builder_version=\u00bb3.22&#8243; global_colors_info=\u00bb{}\u00bb][et_pb_row admin_label=\u00bbrow\u00bb _builder_version=\u00bb3.25&#8243; background_size=\u00bb%22%22%22%22%22&quot;initial&quot;%22%22%22%22%22&#8243; background_position=\u00bb%22%22%22%22%22&quot;top_left&quot;%22%22%22%22%22&#8243; background_repeat=\u00bb%22%22%22%22%22&quot;repeat&quot;%22%22%22%22%22&#8243; global_colors_info=\u00bb{}\u00bb][et_pb_column type=\u00bb4_4&#8243; _builder_version=\u00bb3.25&#8243; custom_padding=\u00bb|||\u00bb global_colors_info=\u00bb{}\u00bb custom_padding__hover=\u00bb|||\u00bb][et_pb_text _builder_version=\u00bb4.9.11&#8243; background_size=\u00bb%22%22%22initial%22%22%22&#8243; background_position=\u00bb%22%22%22top_left%22%22%22&#8243; background_repeat=\u00bb%22%22%22repeat%22%22%22&#8243; use_border_color=\u00bboff\u00bb border_color=\u00bb#ffffff\u00bb border_style=\u00bbsolid\u00bb global_colors_info=\u00bb{}\u00bb]<\/p>\n<h1 style=\"text-align: center;\"><strong>RECURSOS IPEII<\/strong><\/h1>\n<p>[\/et_pb_text][et_pb_text _builder_version=\u00bb4.9.11&#8243; animation_style=\u00bbfade\u00bb global_colors_info=\u00bb{}\u00bb]<\/p>\n<p><strong>\u00bfQuieres que compartamos alg\u00fan otro recurso de IPEII que consideres de utilidad para los alumnos? Env\u00edanoslo para que lo subamos a la web <\/strong><\/p>\n<ul>\n<li>Env\u00eda un correo indicando el recurso y a que unidad pertenece a <a href=\"mailto:info@flexibooks.es\">info@flexibooks.es <\/a><\/li>\n<li>Incluye un t\u00edtulo y una peque\u00f1a rese\u00f1a<\/li>\n<li>Indicanos tu nombre y apellido para ponerte como autor<\/li>\n<\/ul>\n<p>[\/et_pb_text][\/et_pb_column][\/et_pb_row][et_pb_row column_structure=\u00bb1_4,1_4,1_4,1_4&#8243; _builder_version=\u00bb3.25&#8243; background_size=\u00bb%22%22%22%22%22&quot;initial&quot;%22%22%22%22%22&#8243; background_position=\u00bb%22%22%22%22%22&quot;top_left&quot;%22%22%22%22%22&#8243; background_repeat=\u00bb%22%22%22%22%22&quot;repeat&quot;%22%22%22%22%22&#8243; global_colors_info=\u00bb{}\u00bb][et_pb_column type=\u00bb1_4&#8243; _builder_version=\u00bb3.25&#8243; custom_padding=\u00bb|||\u00bb global_colors_info=\u00bb{}\u00bb custom_padding__hover=\u00bb|||\u00bb][\/et_pb_column][et_pb_column type=\u00bb1_4&#8243; _builder_version=\u00bb3.25&#8243; custom_padding=\u00bb|||\u00bb global_colors_info=\u00bb{}\u00bb custom_padding__hover=\u00bb|||\u00bb][et_pb_image src=\u00bbhttps:\/\/www.flexibook.es\/wp-content\/uploads\/2025\/08\/1.jpg\u00bb title_text=\u00bb1&#8243; _builder_version=\u00bb4.9.11&#8243; _module_preset=\u00bbdefault\u00bb global_colors_info=\u00bb{}\u00bb][\/et_pb_image][et_pb_text _builder_version=\u00bb4.9.11&#8243; text_orientation=\u00bbcenter\u00bb custom_margin=\u00bb0px|||\u00bb custom_padding=\u00bb0px||15px|\u00bb border_width_bottom=\u00bb1px\u00bb border_color_bottom=\u00bb#d8d8d8&#8243; global_colors_info=\u00bb{}\u00bb]<\/p>\n<p>Recursos ud. 1<br \/>El itinerario para una buena empleabilidad<\/p>\n<p>[\/et_pb_text][\/et_pb_column][et_pb_column type=\u00bb1_4&#8243; _builder_version=\u00bb4.9.11&#8243; _module_preset=\u00bbdefault\u00bb global_colors_info=\u00bb{}\u00bb][et_pb_image src=\u00bbhttps:\/\/www.flexibook.es\/wp-content\/uploads\/2025\/08\/2.jpg\u00bb title_text=\u00bb2&#8243; _builder_version=\u00bb4.9.11&#8243; _module_preset=\u00bbdefault\u00bb global_colors_info=\u00bb{}\u00bb][\/et_pb_image][et_pb_text _builder_version=\u00bb3.27.4&#8243; text_orientation=\u00bbcenter\u00bb custom_margin=\u00bb0px|||\u00bb custom_padding=\u00bb0px||15px|\u00bb border_width_bottom=\u00bb1px\u00bb border_color_bottom=\u00bb#d8d8d8&#8243; global_colors_info=\u00bb{}\u00bb]<\/p>\n<p>Recursos ud. 2<br \/>Como mejorar tu empleabilidad<\/p>\n<p>[\/et_pb_text][\/et_pb_column][et_pb_column type=\u00bb1_4&#8243; _builder_version=\u00bb3.25&#8243; custom_padding=\u00bb|||\u00bb global_colors_info=\u00bb{}\u00bb custom_padding__hover=\u00bb|||\u00bb][et_pb_image src=\u00bbhttps:\/\/www.flexibook.es\/wp-content\/uploads\/2025\/08\/3-1.jpg\u00bb title_text=\u00bb3&#8243; url=\u00bbhttps:\/\/www.flexibook.es\/?page_id=6632&#8243; align_tablet=\u00bbcenter\u00bb align_phone=\u00bb\u00bb align_last_edited=\u00bbon|desktop\u00bb _builder_version=\u00bb4.9.11&#8243; max_width=\u00bb100%\u00bb animation_style=\u00bbslide\u00bb animation_direction=\u00bbleft\u00bb animation_duration=\u00bb500ms\u00bb animation_intensity_slide=\u00bb10%\u00bb use_border_color=\u00bboff\u00bb global_colors_info=\u00bb{}\u00bb][\/et_pb_image][et_pb_text _builder_version=\u00bb3.27.4&#8243; text_orientation=\u00bbcenter\u00bb custom_margin=\u00bb0px|||\u00bb custom_padding=\u00bb0px||15px|\u00bb border_width_bottom=\u00bb1px\u00bb border_color_bottom=\u00bb#d8d8d8&#8243; global_colors_info=\u00bb{}\u00bb]<\/p>\n<p>Recursos ud. 3<br \/>La idea el punto de partida<\/p>\n<p>[\/et_pb_text][\/et_pb_column][\/et_pb_row][et_pb_row column_structure=\u00bb1_4,1_4,1_4,1_4&#8243; _builder_version=\u00bb3.25&#8243; background_size=\u00bb%22%22%22%22%22&quot;initial&quot;%22%22%22%22%22&#8243; background_position=\u00bb%22%22%22%22%22&quot;top_left&quot;%22%22%22%22%22&#8243; background_repeat=\u00bb%22%22%22%22%22&quot;repeat&quot;%22%22%22%22%22&#8243; global_colors_info=\u00bb{}\u00bb][et_pb_column type=\u00bb1_4&#8243; _builder_version=\u00bb3.25&#8243; custom_padding=\u00bb|||\u00bb global_colors_info=\u00bb{}\u00bb custom_padding__hover=\u00bb|||\u00bb][et_pb_image src=\u00bbhttps:\/\/www.flexibook.es\/wp-content\/uploads\/2025\/08\/4.jpg\u00bb title_text=\u00bb4&#8243; url=\u00bbhttps:\/\/www.flexibook.es\/?page_id=6637&#8243; align_tablet=\u00bbcenter\u00bb align_phone=\u00bb\u00bb align_last_edited=\u00bbon|desktop\u00bb _builder_version=\u00bb4.9.11&#8243; animation_style=\u00bbslide\u00bb animation_direction=\u00bbleft\u00bb animation_duration=\u00bb500ms\u00bb animation_intensity_slide=\u00bb10%\u00bb use_border_color=\u00bboff\u00bb global_colors_info=\u00bb{}\u00bb][\/et_pb_image][et_pb_text _builder_version=\u00bb3.27.4&#8243; text_orientation=\u00bbcenter\u00bb custom_margin=\u00bb0px|||\u00bb custom_padding=\u00bb0px||15px|\u00bb border_width_bottom=\u00bb1px\u00bb border_color_bottom=\u00bb#d8d8d8&#8243; global_colors_info=\u00bb{}\u00bb]<\/p>\n<p>Recursos ud. 4<br \/>La empresa y su entorno<\/p>\n<p>[\/et_pb_text][\/et_pb_column][et_pb_column type=\u00bb1_4&#8243; _builder_version=\u00bb3.25&#8243; custom_padding=\u00bb|||\u00bb global_colors_info=\u00bb{}\u00bb custom_padding__hover=\u00bb|||\u00bb][et_pb_image src=\u00bbhttps:\/\/www.flexibook.es\/wp-content\/uploads\/2025\/08\/5.jpg\u00bb title_text=\u00bb5&#8243; url=\u00bbhttps:\/\/www.flexibook.es\/?page_id=6685&#8243; align_tablet=\u00bbcenter\u00bb align_phone=\u00bb\u00bb align_last_edited=\u00bbon|desktop\u00bb _builder_version=\u00bb4.9.11&#8243; animation_style=\u00bbslide\u00bb animation_direction=\u00bbleft\u00bb animation_duration=\u00bb500ms\u00bb animation_intensity_slide=\u00bb10%\u00bb use_border_color=\u00bboff\u00bb global_colors_info=\u00bb{}\u00bb][\/et_pb_image][et_pb_text _builder_version=\u00bb3.27.4&#8243; text_orientation=\u00bbcenter\u00bb custom_margin=\u00bb0px|||\u00bb custom_padding=\u00bb0px||15px|\u00bb border_width_bottom=\u00bb1px\u00bb border_color_bottom=\u00bb#d8d8d8&#8243; global_colors_info=\u00bb{}\u00bb]<\/p>\n<p>Recursos ud. 5<br \/>Constituci\u00f3n y puesta en marcha<\/p>\n<p>[\/et_pb_text][\/et_pb_column][et_pb_column type=\u00bb1_4&#8243; _builder_version=\u00bb3.25&#8243; custom_padding=\u00bb|||\u00bb global_colors_info=\u00bb{}\u00bb custom_padding__hover=\u00bb|||\u00bb][et_pb_image src=\u00bbhttps:\/\/www.flexibook.es\/wp-content\/uploads\/2025\/08\/6.jpg\u00bb title_text=\u00bb6&#8243; url=\u00bbhttps:\/\/www.flexibook.es\/?page_id=6687&#8243; align_tablet=\u00bbcenter\u00bb align_phone=\u00bb\u00bb align_last_edited=\u00bbon|desktop\u00bb _builder_version=\u00bb4.9.11&#8243; animation_style=\u00bbslide\u00bb animation_direction=\u00bbleft\u00bb animation_duration=\u00bb500ms\u00bb animation_intensity_slide=\u00bb10%\u00bb use_border_color=\u00bboff\u00bb global_colors_info=\u00bb{}\u00bb][\/et_pb_image][et_pb_text _builder_version=\u00bb3.27.4&#8243; text_orientation=\u00bbcenter\u00bb custom_margin=\u00bb0px|||\u00bb custom_padding=\u00bb0px||15px|\u00bb border_width_bottom=\u00bb1px\u00bb border_color_bottom=\u00bb#d8d8d8&#8243; global_colors_info=\u00bb{}\u00bb]<\/p>\n<p>Recursos ud. 6<br \/>Mercado y plan de marketing<\/p>\n<p>[\/et_pb_text][\/et_pb_column][et_pb_column type=\u00bb1_4&#8243; _builder_version=\u00bb3.25&#8243; custom_padding=\u00bb|||\u00bb global_colors_info=\u00bb{}\u00bb custom_padding__hover=\u00bb|||\u00bb][et_pb_image src=\u00bbhttps:\/\/www.flexibook.es\/wp-content\/uploads\/2025\/08\/7.jpg\u00bb title_text=\u00bb7&#8243; url=\u00bbhttps:\/\/www.flexibook.es\/?page_id=6689&#8243; align_tablet=\u00bbcenter\u00bb align_phone=\u00bb\u00bb align_last_edited=\u00bbon|desktop\u00bb _builder_version=\u00bb4.9.11&#8243; animation_style=\u00bbslide\u00bb animation_direction=\u00bbleft\u00bb animation_duration=\u00bb500ms\u00bb animation_intensity_slide=\u00bb10%\u00bb use_border_color=\u00bboff\u00bb global_colors_info=\u00bb{}\u00bb][\/et_pb_image][et_pb_text _builder_version=\u00bb3.27.4&#8243; text_orientation=\u00bbcenter\u00bb custom_margin=\u00bb0px|||\u00bb custom_padding=\u00bb0px||15px|\u00bb border_width_bottom=\u00bb1px\u00bb border_color_bottom=\u00bb#d8d8d8&#8243; global_colors_info=\u00bb{}\u00bb]<\/p>\n<p>Recursos ud. 7<br \/>Plan de recursos humanos<\/p>\n<p>[\/et_pb_text][\/et_pb_column][\/et_pb_row][et_pb_row column_structure=\u00bb1_4,1_4,1_4,1_4&#8243; _builder_version=\u00bb3.25&#8243; background_size=\u00bb%22%22%22%22%22&quot;initial&quot;%22%22%22%22%22&#8243; background_position=\u00bb%22%22%22%22%22&quot;top_left&quot;%22%22%22%22%22&#8243; background_repeat=\u00bb%22%22%22%22%22&quot;repeat&quot;%22%22%22%22%22&#8243; global_colors_info=\u00bb{}\u00bb][et_pb_column type=\u00bb1_4&#8243; _builder_version=\u00bb3.25&#8243; custom_padding=\u00bb|||\u00bb global_colors_info=\u00bb{}\u00bb custom_padding__hover=\u00bb|||\u00bb][et_pb_image src=\u00bbhttps:\/\/www.flexibook.es\/wp-content\/uploads\/2025\/08\/8.jpg\u00bb title_text=\u00bb8&#8243; url=\u00bbhttps:\/\/www.flexibook.es\/?page_id=6690&#8243; align_tablet=\u00bbcenter\u00bb align_phone=\u00bb\u00bb align_last_edited=\u00bbon|desktop\u00bb _builder_version=\u00bb4.9.11&#8243; animation_style=\u00bbslide\u00bb animation_direction=\u00bbleft\u00bb animation_duration=\u00bb500ms\u00bb animation_intensity_slide=\u00bb10%\u00bb use_border_color=\u00bboff\u00bb global_colors_info=\u00bb{}\u00bb][\/et_pb_image][et_pb_text _builder_version=\u00bb3.27.4&#8243; text_orientation=\u00bbcenter\u00bb custom_margin=\u00bb0px|||\u00bb custom_padding=\u00bb0px||15px|\u00bb border_width_bottom=\u00bb1px\u00bb border_color_bottom=\u00bb#d8d8d8&#8243; global_colors_info=\u00bb{}\u00bb]<\/p>\n<p>Recursos ud. 8<br \/>Plan de inversiones y financiaci\u00f3n<\/p>\n<p>[\/et_pb_text][\/et_pb_column][et_pb_column type=\u00bb1_4&#8243; _builder_version=\u00bb3.25&#8243; custom_padding=\u00bb|||\u00bb global_colors_info=\u00bb{}\u00bb custom_padding__hover=\u00bb|||\u00bb][et_pb_image src=\u00bbhttps:\/\/www.flexibook.es\/wp-content\/uploads\/2025\/08\/9.jpg\u00bb title_text=\u00bb9&#8243; url=\u00bbhttps:\/\/www.flexibook.es\/?page_id=6692&#8243; align_tablet=\u00bbcenter\u00bb align_phone=\u00bb\u00bb align_last_edited=\u00bbon|desktop\u00bb _builder_version=\u00bb4.9.11&#8243; animation_style=\u00bbslide\u00bb animation_direction=\u00bbleft\u00bb animation_duration=\u00bb500ms\u00bb animation_intensity_slide=\u00bb10%\u00bb use_border_color=\u00bboff\u00bb global_colors_info=\u00bb{}\u00bb][\/et_pb_image][et_pb_text _builder_version=\u00bb3.27.4&#8243; text_orientation=\u00bbcenter\u00bb custom_margin=\u00bb0px|||\u00bb custom_padding=\u00bb0px||15px|\u00bb border_width_bottom=\u00bb1px\u00bb border_color_bottom=\u00bb#d8d8d8&#8243; global_colors_info=\u00bb{}\u00bb]<\/p>\n<p>Recursos ud. 9<br \/>Viabilidad econ\u00f3mica y financiera<\/p>\n<p>[\/et_pb_text][\/et_pb_column][et_pb_column type=\u00bb1_4&#8243; _builder_version=\u00bb3.25&#8243; custom_padding=\u00bb|||\u00bb global_colors_info=\u00bb{}\u00bb custom_padding__hover=\u00bb|||\u00bb][et_pb_image src=\u00bbhttps:\/\/www.flexibook.es\/wp-content\/uploads\/2025\/08\/10.jpg\u00bb title_text=\u00bb10&#8243; url=\u00bbhttps:\/\/www.flexibook.es\/?page_id=6696&#8243; align_tablet=\u00bbcenter\u00bb align_phone=\u00bb\u00bb align_last_edited=\u00bbon|desktop\u00bb _builder_version=\u00bb4.9.11&#8243; animation_style=\u00bbslide\u00bb animation_direction=\u00bbleft\u00bb animation_duration=\u00bb500ms\u00bb animation_intensity_slide=\u00bb10%\u00bb use_border_color=\u00bboff\u00bb global_colors_info=\u00bb{}\u00bb][\/et_pb_image][et_pb_text _builder_version=\u00bb3.27.4&#8243; text_orientation=\u00bbcenter\u00bb custom_margin=\u00bb0px|||\u00bb custom_padding=\u00bb0px||15px|\u00bb border_width_bottom=\u00bb1px\u00bb border_color_bottom=\u00bb#d8d8d8&#8243; global_colors_info=\u00bb{}\u00bb]<\/p>\n<p>Recursos ud. 10<br \/>La fiscalidad de mi empresa<\/p>\n<p>[\/et_pb_text][\/et_pb_column][et_pb_column type=\u00bb1_4&#8243; _builder_version=\u00bb3.25&#8243; custom_padding=\u00bb|||\u00bb global_colors_info=\u00bb{}\u00bb custom_padding__hover=\u00bb|||\u00bb][et_pb_image src=\u00bbhttps:\/\/www.flexibook.es\/wp-content\/uploads\/2025\/08\/11.jpg\u00bb title_text=\u00bb11&#8243; url=\u00bbhttps:\/\/www.flexibook.es\/?page_id=6676&#8243; align_tablet=\u00bbcenter\u00bb align_phone=\u00bb\u00bb align_last_edited=\u00bbon|desktop\u00bb _builder_version=\u00bb4.9.11&#8243; animation_style=\u00bbslide\u00bb animation_direction=\u00bbleft\u00bb animation_duration=\u00bb500ms\u00bb animation_intensity_slide=\u00bb10%\u00bb use_border_color=\u00bboff\u00bb global_colors_info=\u00bb{}\u00bb][\/et_pb_image][et_pb_text _builder_version=\u00bb3.27.4&#8243; text_orientation=\u00bbcenter\u00bb custom_margin=\u00bb0px|||\u00bb custom_padding=\u00bb0px||15px|\u00bb border_width_bottom=\u00bb1px\u00bb border_color_bottom=\u00bb#d8d8d8&#8243; global_colors_info=\u00bb{}\u00bb]<\/p>\n<p>Recursos ud. 11<br \/>Documentos de gesti\u00f3n<\/p>\n<p>[\/et_pb_text][\/et_pb_column][\/et_pb_row][\/et_pb_section][et_pb_section fb_built=\u00bb1&#8243; _builder_version=\u00bb3.22&#8243; global_colors_info=\u00bb{}\u00bb][\/et_pb_section]<\/p>\n","protected":false},"excerpt":{"rendered":"<p>RECURSOS IPEII\u00bfQuieres que compartamos alg\u00fan otro recurso de IPEII que consideres de utilidad para los alumnos? Env\u00edanoslo para que lo subamos a la web Env\u00eda un correo indicando el recurso y a que unidad pertenece a info@flexibooks.es Incluye un t\u00edtulo y una peque\u00f1a rese\u00f1a Indicanos tu nombre y apellido para ponerte como autor Recursos ud. [&hellip;]<\/p>\n","protected":false},"author":183,"featured_media":0,"parent":0,"menu_order":0,"comment_status":"closed","ping_status":"closed","template":"","meta":{"_et_pb_use_builder":"on","_et_pb_old_content":"","_et_gb_content_width":"","footnotes":""},"class_list":["post-6285","page","type-page","status-publish","hentry"],"_links":{"self":[{"href":"https:\/\/www.flexibook.es\/index.php?rest_route=\/wp\/v2\/pages\/6285","targetHints":{"allow":["GET"]}}],"collection":[{"href":"https:\/\/www.flexibook.es\/index.php?rest_route=\/wp\/v2\/pages"}],"about":[{"href":"https:\/\/www.flexibook.es\/index.php?rest_route=\/wp\/v2\/types\/page"}],"author":[{"embeddable":true,"href":"https:\/\/www.flexibook.es\/index.php?rest_route=\/wp\/v2\/users\/183"}],"replies":[{"embeddable":true,"href":"https:\/\/www.flexibook.es\/index.php?rest_route=%2Fwp%2Fv2%2Fcomments&post=6285"}],"version-history":[{"count":23,"href":"https:\/\/www.flexibook.es\/index.php?rest_route=\/wp\/v2\/pages\/6285\/revisions"}],"predecessor-version":[{"id":15656,"href":"https:\/\/www.flexibook.es\/index.php?rest_route=\/wp\/v2\/pages\/6285\/revisions\/15656"}],"wp:attachment":[{"href":"https:\/\/www.flexibook.es\/index.php?rest_route=%2Fwp%2Fv2%2Fmedia&parent=6285"}],"curies":[{"name":"wp","href":"https:\/\/api.w.org\/{rel}","templated":true}]}}