{"id":757,"date":"2013-05-15T16:58:56","date_gmt":"2013-05-15T16:58:56","guid":{"rendered":"http:\/\/s272204253.mialojamiento.es\/flexibook\/?page_id=757"},"modified":"2025-07-11T09:43:36","modified_gmt":"2025-07-11T07:43:36","slug":"editorial-filosofia-de-nuestra-empresa","status":"publish","type":"page","link":"https:\/\/www.flexibook.es\/?page_id=757","title":{"rendered":"Editorial"},"content":{"rendered":"<p>[et_pb_section fb_built=\u00bb1&#8243; admin_label=\u00bbsection\u00bb _builder_version=\u00bb3.22&#8243; global_colors_info=\u00bb{}\u00bb][et_pb_row admin_label=\u00bbrow\u00bb _builder_version=\u00bb3.25&#8243; background_size=\u00bbinitial\u00bb background_position=\u00bbtop_left\u00bb background_repeat=\u00bbrepeat\u00bb global_colors_info=\u00bb{}\u00bb][et_pb_column type=\u00bb4_4&#8243; _builder_version=\u00bb3.25&#8243; custom_padding=\u00bb|||\u00bb global_colors_info=\u00bb{}\u00bb custom_padding__hover=\u00bb|||\u00bb][et_pb_text admin_label=\u00bbText\u00bb _builder_version=\u00bb4.9.11&#8243; background_size=\u00bbinitial\u00bb background_position=\u00bbtop_left\u00bb background_repeat=\u00bbrepeat\u00bb global_colors_info=\u00bb{}\u00bb]<\/p>\n<p style=\"text-align: center;\"><strong>Somos una editorial especializada en los manuales de IPEI y IPEII<\/strong><\/p>\n<p>Como profesores de IPEI en activo que somos,<strong> llevamos 11 a\u00f1os colaborando con centros de toda Espa\u00f1a<\/strong> y siempre con el mismo objetivo, publicar libros did\u00e1cticos y a precios asequibles para los alumnos. Pretendemos que nuestros manuales se ajusten a las competencias profesionales que se exigen en los diferentes ciclos formativos y a la demanda que en cada momento requiere el mercado laboral.<\/p>\n<p>Nuestros fines son exclusivamente docentes y totalmente ajenos a los intereses de los grandes grupos editoriales. Afortunadamente, cada vez son m\u00e1s los centros que se identifican con nuestra l\u00ednea editorial, que trata de encontrar la sinergia entre los t\u00e9rminos \u00abEnse\u00f1anza y Aprendizaje\u00bb, de forma que pretendemos \u00abense\u00f1ar\u00bb a los alumnos el camino que deben seguir para alcanzar sus objetivos, aport\u00e1ndoles el mayor n\u00famero de recursos posibles y por otro lado, les animamos a que \u00abaprendan\u00bb a no tener miedo, a investigar por su cuenta, a ser curiosos, a plantear nuevas propuestas o alternativas, para encontrar nuevos caminos que les conduzcan a donde ellos quieran llegar. Una de nuestras m\u00e1ximas es, \u00abNi en la ense\u00f1anza, ni en el aprendizaje hay l\u00edmites\u00bb. Los l\u00edmites los pone cada alumno donde \u00e9l quiere.<\/p>\n<p><strong>Nuestros factores diferenciadores m\u00e1s relevantes son:<\/strong><\/p>\n<p>\u2022 Precio de venta sensiblemente m\u00e1s econ\u00f3mico que el de la competencia.<br \/>\u2022 Manuales donde los contenidos conceptuales se complementan con los procedimentales (din\u00e1micas, an\u00e1lisis de art\u00edculos, investigaci\u00f3n en la red con multitud de QR), propiciando un mayor acercamiento de la materia socio-laboral y de empresa.<br \/>\u2022 Crear una <strong>\u00abComunidad virtual en la red<\/strong>: (<a href=\"https:\/\/www.flexibook.es\">www.flexibook.es<\/a>)\u00bb que permita tanto a los alumnos como a los profesores consultar\/proponer contenidos y recursos, que contribuyan a mejorar el conocimiento de los diferentes m\u00f3dulos.<br \/>\u2022 Establecer un sistema de entrega de libros c\u00f3modo y r\u00e1pido, en 48 horas a trav\u00e9s de una agencia de transporte, los alumnos tienen el manual en su domicilio. En algunos centros creamos los \u00abPuntos de entrega Flexibook\u00bb (acuerdos con papeler\u00edas, librer\u00edas cercanas a los centros de estudio).<\/p>\n<p>&nbsp;<\/p>\n<p><img loading=\"lazy\" decoding=\"async\" class=\" wp-image-5389 aligncenter\" src=\"https:\/\/www.flexibook.es\/wp-content\/uploads\/2013\/05\/loooo-1024x245.png\" alt=\"\" width=\"461\" height=\"110\" srcset=\"https:\/\/www.flexibook.es\/wp-content\/uploads\/2013\/05\/loooo-1024x245.png 1024w, https:\/\/www.flexibook.es\/wp-content\/uploads\/2013\/05\/loooo-300x72.png 300w, https:\/\/www.flexibook.es\/wp-content\/uploads\/2013\/05\/loooo-600x143.png 600w, https:\/\/www.flexibook.es\/wp-content\/uploads\/2013\/05\/loooo-768x184.png 768w, https:\/\/www.flexibook.es\/wp-content\/uploads\/2013\/05\/loooo-1080x258.png 1080w, https:\/\/www.flexibook.es\/wp-content\/uploads\/2013\/05\/loooo.png 1682w\" sizes=\"(max-width: 461px) 100vw, 461px\" \/><\/p>\n<h2 style=\"text-align: center;\"><strong><em>\u00a1\u00a111 A\u00f1os colaborando juntos !!<\/em><\/strong><\/h2>\n<p>[\/et_pb_text][\/et_pb_column][\/et_pb_row][\/et_pb_section]<\/p>\n","protected":false},"excerpt":{"rendered":"<p>Filosofia de nuestra empresa<\/p>\n","protected":false},"author":183,"featured_media":0,"parent":0,"menu_order":0,"comment_status":"open","ping_status":"open","template":"","meta":{"_et_pb_use_builder":"on","_et_pb_old_content":"Somos una editorial especializada en los manuales de <strong>\u00abFormaci\u00f3n y Orientaci\u00f3n Laboral\u00bb<\/strong> y <strong>\u00abEmpresa e Iniciativa Emprendedora\u00bb.<\/strong>\r\n\r\nComo profesores de FOL en activo que somos,<strong> llevamos 10 a\u00f1os colaborando con centros de toda Espa\u00f1a<\/strong> y siempre con el mismo objetivo, publicar libros did\u00e1cticos y a precios asequibles para los alumnos. Pretendemos que nuestros manuales se ajusten a las competencias profesionales que se exigen en los diferentes ciclos formativos y a la demanda que en cada momento requiere el mercado laboral.\r\n\r\nNuestros fines son exclusivamente docentes y totalmente ajenos a los intereses de los grandes grupos editoriales. Afortunadamente, cada vez son m\u00e1s los centros que se identifican con nuestra l\u00ednea editorial, que trata de encontrar la sinergia entre los t\u00e9rminos \u00abEnse\u00f1anza y Aprendizaje\u00bb, de forma que pretendemos \u00abense\u00f1ar\u00bb a los alumnos el camino que deben seguir para alcanzar sus objetivos, aport\u00e1ndoles el mayor n\u00famero de recursos posibles y por otro lado, les animamos a que \u00abaprendan\u00bb a no tener miedo, a investigar por su cuenta, a ser curiosos, a plantear nuevas propuestas o alternativas, para encontrar nuevos caminos que les conduzcan a donde ellos quieran llegar. Una de nuestras m\u00e1ximas es, \u00abNi en la ense\u00f1anza, ni en el aprendizaje hay l\u00edmites\u00bb. Los l\u00edmites los pone cada alumno donde \u00e9l quiere.\r\n\r\n<strong>Nuestros factores diferenciadores m\u00e1s relevantes son:<\/strong>\r\n\r\n\u2022 Precio de venta sensiblemente m\u00e1s econ\u00f3mico que el de la competencia.\r\n\u2022 Manuales donde los contenidos conceptuales se complementan con los procedimentales (din\u00e1micas, an\u00e1lisis de art\u00edculos, investigaci\u00f3n en la red con multitud de QR), propiciando un mayor acercamiento de la materia socio-laboral y de empresa.\r\n\u2022 Crear una <strong>\u00abComunidad virtual en la red<\/strong>: (<a href=\"https:\/\/www.flexibook.es\">www.flexibook.es<\/a>)\u00bb que permita tanto a los alumnos como a los profesores consultar\/proponer contenidos y recursos, que contribuyan a mejorar el conocimiento de los diferentes m\u00f3dulos.\r\n\u2022 Establecer un sistema de entrega de libros c\u00f3modo y r\u00e1pido, en 48 horas a trav\u00e9s de una agencia de transporte, los alumnos tienen el manual en su domicilio. En algunos centros creamos los \u00abPuntos de entrega Flexibook\u00bb (acuerdos con papeler\u00edas, librer\u00edas cercanas a los centros de estudio).\r\n\r\n<img class=\" wp-image-5389 aligncenter\" src=\"http:\/\/www.flexibook.es\/wp-content\/uploads\/2013\/05\/loooo-1024x245.png\" alt=\"\" width=\"461\" height=\"110\" \/>\r\n<h2 style=\"text-align: center;\"><strong><em>\u00a1\u00a110 A\u00f1os colaborando juntos !!<\/em><\/strong><\/h2>","_et_gb_content_width":"","footnotes":""},"class_list":["post-757","page","type-page","status-publish","hentry"],"_links":{"self":[{"href":"https:\/\/www.flexibook.es\/index.php?rest_route=\/wp\/v2\/pages\/757","targetHints":{"allow":["GET"]}}],"collection":[{"href":"https:\/\/www.flexibook.es\/index.php?rest_route=\/wp\/v2\/pages"}],"about":[{"href":"https:\/\/www.flexibook.es\/index.php?rest_route=\/wp\/v2\/types\/page"}],"author":[{"embeddable":true,"href":"https:\/\/www.flexibook.es\/index.php?rest_route=\/wp\/v2\/users\/183"}],"replies":[{"embeddable":true,"href":"https:\/\/www.flexibook.es\/index.php?rest_route=%2Fwp%2Fv2%2Fcomments&post=757"}],"version-history":[{"count":38,"href":"https:\/\/www.flexibook.es\/index.php?rest_route=\/wp\/v2\/pages\/757\/revisions"}],"predecessor-version":[{"id":15611,"href":"https:\/\/www.flexibook.es\/index.php?rest_route=\/wp\/v2\/pages\/757\/revisions\/15611"}],"wp:attachment":[{"href":"https:\/\/www.flexibook.es\/index.php?rest_route=%2Fwp%2Fv2%2Fmedia&parent=757"}],"curies":[{"name":"wp","href":"https:\/\/api.w.org\/{rel}","templated":true}]}}