{"id":10427,"date":"2021-04-06T21:46:04","date_gmt":"2021-04-06T19:46:04","guid":{"rendered":"https:\/\/www.flexibook.es\/?post_type=product&#038;p=10427"},"modified":"2026-04-17T05:59:00","modified_gmt":"2026-04-17T03:59:00","slug":"la-programacion-de-aula-version-online","status":"publish","type":"product","link":"https:\/\/www.flexibook.es\/?product=la-programacion-de-aula-version-online","title":{"rendered":"La Programaci\u00f3n de Aula (Versi\u00f3n Online)"},"content":{"rendered":"","protected":false},"excerpt":{"rendered":"<div style=\"text-align: center;\"><i>La programaci\u00f3n de aula la podemos ubicar en el\u00a0<b>cuarto nivel de concreci\u00f3n curricular<\/b>. Se trata de establecer las intenciones educativas del profesorado, que de acuerdo con su atribuci\u00f3n docente, impartir\u00e1 un \u00e1rea, materia o m\u00f3dulo.<\/i><\/div>\n<div style=\"text-align: center;\"><i>\u00a0<\/i><\/div>\n<div style=\"text-align: center;\"><i>Lograremos destacar con este documento a trav\u00e9s del detalle y la personalizaci\u00f3n de nuestras propuestas educativas y as\u00ed lo transmitamos, dado el caso, de forma adecuada, sencilla y clara en la exposici\u00f3n ante el tribunal.\u00a0<u><\/u>\u00a0<u><\/u><\/i><\/div>\n<div style=\"text-align: center;\"><i>\u00a0<\/i><\/div>\n<div style=\"text-align: center;\"><i>No debemos olvidar que\u00a0\u201c<b>en la novedad est\u00e1 la diferencia\u201d<\/b><b>.<u><\/u>\u00a0<\/b><\/i><\/div>\n","protected":false},"featured_media":16311,"comment_status":"open","ping_status":"closed","template":"","meta":{"_et_pb_use_builder":"","_et_pb_old_content":"","_et_gb_content_width":""},"product_brand":[],"product_cat":[183],"product_tag":[],"class_list":{"0":"post-10427","1":"product","2":"type-product","3":"status-publish","4":"has-post-thumbnail","6":"product_cat-sin-categorizar","8":"first","9":"instock","10":"shipping-taxable","11":"purchasable","12":"product-type-simple"},"_links":{"self":[{"href":"https:\/\/www.flexibook.es\/index.php?rest_route=\/wp\/v2\/product\/10427","targetHints":{"allow":["GET"]}}],"collection":[{"href":"https:\/\/www.flexibook.es\/index.php?rest_route=\/wp\/v2\/product"}],"about":[{"href":"https:\/\/www.flexibook.es\/index.php?rest_route=\/wp\/v2\/types\/product"}],"replies":[{"embeddable":true,"href":"https:\/\/www.flexibook.es\/index.php?rest_route=%2Fwp%2Fv2%2Fcomments&post=10427"}],"wp:featuredmedia":[{"embeddable":true,"href":"https:\/\/www.flexibook.es\/index.php?rest_route=\/wp\/v2\/media\/16311"}],"wp:attachment":[{"href":"https:\/\/www.flexibook.es\/index.php?rest_route=%2Fwp%2Fv2%2Fmedia&parent=10427"}],"wp:term":[{"taxonomy":"product_brand","embeddable":true,"href":"https:\/\/www.flexibook.es\/index.php?rest_route=%2Fwp%2Fv2%2Fproduct_brand&post=10427"},{"taxonomy":"product_cat","embeddable":true,"href":"https:\/\/www.flexibook.es\/index.php?rest_route=%2Fwp%2Fv2%2Fproduct_cat&post=10427"},{"taxonomy":"product_tag","embeddable":true,"href":"https:\/\/www.flexibook.es\/index.php?rest_route=%2Fwp%2Fv2%2Fproduct_tag&post=10427"}],"curies":[{"name":"wp","href":"https:\/\/api.w.org\/{rel}","templated":true}]}}