{"id":2373,"date":"2014-06-01T21:45:08","date_gmt":"2014-06-01T19:45:08","guid":{"rendered":"http:\/\/www.flexibook.es\/?product=promocion-de-la-autonomia-laboral-y-social"},"modified":"2026-02-26T18:54:54","modified_gmt":"2026-02-26T17:54:54","slug":"promocion-de-la-autonomia-laboral-y-social","status":"publish","type":"product","link":"https:\/\/www.flexibook.es\/?product=promocion-de-la-autonomia-laboral-y-social","title":{"rendered":"Promoci\u00f3n de la Autonomia Personal"},"content":{"rendered":"<p style=\"text-align: center;\">Promoci\u00f3n de la autonom\u00eda personal y social<\/p>\n<p style=\"text-align: center;\">ISBN 978-84-09-53680-1<\/p>\n<p><i>Este manual est\u00e1 dirigido a los alumnos del m\u00f3dulo de \u00abPromoci\u00f3n de la Autonom\u00eda Personal y Social\u00bb, y a cualquier profesional que se vaya a dedicar a la atenci\u00f3n de personas en situaci\u00f3n de dependencia.<\/i><\/p>\n<p style=\"text-align: center;\"><iframe loading=\"lazy\" style=\"margin: center;\" src=\"\/\/v.calameo.com\/?bkcode=002446610bc4aa8640630\" width=\"300\" height=\"194\" frameborder=\"0\" scrolling=\"no\" allowfullscreen=\"allowfullscreen\"><\/iframe><\/p>\n","protected":false},"excerpt":{"rendered":"<p>Promoci\u00f3n de la autonom\u00eda personal y social ISBN 978-84-09-53680-1 Este manual est\u00e1 dirigido a los alumnos del m\u00f3dulo de \u00abPromoci\u00f3n de la Autonom\u00eda Personal y Social\u00bb, y a cualquier profesional que se vaya a dedicar a la atenci\u00f3n de personas en situaci\u00f3n de dependencia.<\/p>\n","protected":false},"featured_media":13345,"comment_status":"open","ping_status":"closed","template":"","meta":{"_et_pb_use_builder":"","_et_pb_old_content":"","_et_gb_content_width":""},"product_brand":[],"product_cat":[183],"product_tag":[],"class_list":{"0":"post-2373","1":"product","2":"type-product","3":"status-publish","4":"has-post-thumbnail","6":"product_cat-sin-categorizar","8":"first","9":"instock","10":"shipping-taxable","11":"purchasable","12":"product-type-simple"},"_links":{"self":[{"href":"https:\/\/www.flexibook.es\/index.php?rest_route=\/wp\/v2\/product\/2373","targetHints":{"allow":["GET"]}}],"collection":[{"href":"https:\/\/www.flexibook.es\/index.php?rest_route=\/wp\/v2\/product"}],"about":[{"href":"https:\/\/www.flexibook.es\/index.php?rest_route=\/wp\/v2\/types\/product"}],"replies":[{"embeddable":true,"href":"https:\/\/www.flexibook.es\/index.php?rest_route=%2Fwp%2Fv2%2Fcomments&post=2373"}],"wp:featuredmedia":[{"embeddable":true,"href":"https:\/\/www.flexibook.es\/index.php?rest_route=\/wp\/v2\/media\/13345"}],"wp:attachment":[{"href":"https:\/\/www.flexibook.es\/index.php?rest_route=%2Fwp%2Fv2%2Fmedia&parent=2373"}],"wp:term":[{"taxonomy":"product_brand","embeddable":true,"href":"https:\/\/www.flexibook.es\/index.php?rest_route=%2Fwp%2Fv2%2Fproduct_brand&post=2373"},{"taxonomy":"product_cat","embeddable":true,"href":"https:\/\/www.flexibook.es\/index.php?rest_route=%2Fwp%2Fv2%2Fproduct_cat&post=2373"},{"taxonomy":"product_tag","embeddable":true,"href":"https:\/\/www.flexibook.es\/index.php?rest_route=%2Fwp%2Fv2%2Fproduct_tag&post=2373"}],"curies":[{"name":"wp","href":"https:\/\/api.w.org\/{rel}","templated":true}]}}