{"id":4603,"date":"2016-05-16T14:10:50","date_gmt":"2016-05-16T12:10:50","guid":{"rendered":"http:\/\/www.flexibook.es\/?product=el-juego-infantil-y-su-metodologia"},"modified":"2026-02-26T18:52:25","modified_gmt":"2026-02-26T17:52:25","slug":"el-juego-infantil-y-su-metodologia","status":"publish","type":"product","link":"https:\/\/www.flexibook.es\/?product=el-juego-infantil-y-su-metodologia","title":{"rendered":"El juego infantil y su metodolog\u00eda"},"content":{"rendered":"<p>Este manual se centra sobre todo en el <u>tramo de educaci\u00f3n de 0 &#8211; 3 a\u00f1os.<\/u><\/p>\n<div>Emplea un lenguaje cercano, de f\u00e1cil comprensi\u00f3n.<\/div>\n<div>Incluye pr\u00e1cticas que ayudar\u00e1n al futuro T\u00e9cnico en Educaci\u00f3n Infantil.<\/div>\n<p>Libro de texto para Ciclos Formativos de Grado Superior (Educaci\u00f3n infantil)<\/p>\n<p style=\"text-align: center;\">Ojea una demo del libro aqu\u00ed.<br \/>\n<iframe loading=\"lazy\" style=\"margin: center;\" src=\"\/\/v.calameo.com\/?bkcode=0024466109b479f494875\" width=\"300\" height=\"194\" frameborder=\"0\" scrolling=\"no\" allowfullscreen=\"allowfullscreen\"><\/iframe><\/p>\n","protected":false},"excerpt":{"rendered":"<p>Este manual se centra sobre todo en el tramo de educaci\u00f3n de 0 &#8211; 3 a\u00f1os. Emplea un lenguaje cercano, de f\u00e1cil comprensi\u00f3n. Incluye pr\u00e1cticas que ayudar\u00e1n al futuro T\u00e9cnico en Educaci\u00f3n Infantil. Libro de texto para Ciclos Formativos de Grado Superior (Educaci\u00f3n infantil) Ojea una demo del libro aqu\u00ed.<\/p>\n","protected":false},"featured_media":4604,"comment_status":"open","ping_status":"closed","template":"","meta":{"_et_pb_use_builder":"","_et_pb_old_content":"","_et_gb_content_width":""},"product_brand":[],"product_cat":[183],"product_tag":[],"class_list":{"0":"post-4603","1":"product","2":"type-product","3":"status-publish","4":"has-post-thumbnail","6":"product_cat-sin-categorizar","8":"first","9":"instock","10":"shipping-taxable","11":"purchasable","12":"product-type-simple"},"_links":{"self":[{"href":"https:\/\/www.flexibook.es\/index.php?rest_route=\/wp\/v2\/product\/4603","targetHints":{"allow":["GET"]}}],"collection":[{"href":"https:\/\/www.flexibook.es\/index.php?rest_route=\/wp\/v2\/product"}],"about":[{"href":"https:\/\/www.flexibook.es\/index.php?rest_route=\/wp\/v2\/types\/product"}],"replies":[{"embeddable":true,"href":"https:\/\/www.flexibook.es\/index.php?rest_route=%2Fwp%2Fv2%2Fcomments&post=4603"}],"wp:featuredmedia":[{"embeddable":true,"href":"https:\/\/www.flexibook.es\/index.php?rest_route=\/wp\/v2\/media\/4604"}],"wp:attachment":[{"href":"https:\/\/www.flexibook.es\/index.php?rest_route=%2Fwp%2Fv2%2Fmedia&parent=4603"}],"wp:term":[{"taxonomy":"product_brand","embeddable":true,"href":"https:\/\/www.flexibook.es\/index.php?rest_route=%2Fwp%2Fv2%2Fproduct_brand&post=4603"},{"taxonomy":"product_cat","embeddable":true,"href":"https:\/\/www.flexibook.es\/index.php?rest_route=%2Fwp%2Fv2%2Fproduct_cat&post=4603"},{"taxonomy":"product_tag","embeddable":true,"href":"https:\/\/www.flexibook.es\/index.php?rest_route=%2Fwp%2Fv2%2Fproduct_tag&post=4603"}],"curies":[{"name":"wp","href":"https:\/\/api.w.org\/{rel}","templated":true}]}}